{"id":10,"date":"2017-02-24T08:19:08","date_gmt":"2017-02-24T07:19:08","guid":{"rendered":"https:\/\/www.trennungundscheidung.at\/kinderbeistand\/?page_id=10"},"modified":"2020-11-13T11:28:27","modified_gmt":"2020-11-13T10:28:27","slug":"eine-unabhaengige-vertrauensperson-fuer-das-kind-zu-seiner-unterstuetzung-einem-gerichtsverfahren","status":"publish","type":"page","link":"https:\/\/www.trennungundscheidung.at\/kinderbeistand\/","title":{"rendered":"Eine unabh\u00e4ngige Vertrauensperson f\u00fcr das Kind zu seiner Unterst\u00fctzung in einem Gerichtsverfahren!"},"content":{"rendered":"<p>Wenn sich Eltern trennen, kann es zu heftigen Auseinandersetzungen rund um Obsorge oder Kontaktrecht kommen, unter denen Kinder massiv leiden. K\u00f6nnen sich Eltern absolut nicht einigen, entscheidet der\/die Familienrichter\/in, wer die Obsorge aus\u00fcben soll und wie das Kontaktrecht zu regeln ist.<\/p>\n<p>Dabei kann der\/die Richter\/in im Obsorge \u2013 und Kontaktrechtsverfahren einen Kinderbeistand einsetzen, wenn er\/sie das Gef\u00fchl hat, dass das Kind von dem Obsorge- bzw. Kontaktrechtsverfahren sehr belastet wird und eine Unterst\u00fctzung braucht.<\/p>\n<p>Der Kinderbeistand hat die Aufgabe das Kind \u00fcber das Verfahren zu informieren und ihm bzw. ihr in dieser schwierigen Zeit als Vertrauensperson zur Seite zu stehen. Auf Wunsch des Kindes \u00fcbermittelt der Kinderbeistand dem Gericht und den Eltern die Meinung des Kindes, er wird zu dessen \u201eSprachrohr\u201c. Ansonsten unterliegt er der Verschwiegenheit.<\/p>\n<p>Der Kinderbeistand soll pers\u00f6nlicher Ansprechpartner f\u00fcr das Kind sein, er kann das Kind zu Gericht begleiten und soll ihm vor allem das belastende Gef\u00fchl nehmen, f\u00fcr die Situation verantwortlich zu sein. Der Kinderbeistand orientiert sich an den W\u00fcnschen und Vorstellungen des Kindes.<\/p>\n<p>Wichtig:<\/p>\n<p>Ein Kinderbeistand kann Kindern ab dem Vorschulalter bis zum vollendeten 14. Lebensjahr \u2013 bei besonderem Bedarf und mit deren Zustimmung auch bis zum vollendeten 16 Lebensjahr \u2013 zur Seite gestellt werden.<\/p>\n<p>Als Kinderbeist\u00e4nde kommen nur ausgew\u00e4hlte fachlich geschulte Personen in Frage, vor allem P\u00e4dagogen\/innen, Psychologen\/innen und Sozialarbeiter\/innen.<\/p>\n<p>Die Bestellung des Kinderbeistandes ist f\u00fcr die ersten sechs Monate geb\u00fchrenfrei. Danach tragen die Eltern die Kosten. Einkommensschwache Familien k\u00f6nnen \u00fcber die Verfahrenshilfe eine Geb\u00fchrenbefreiung beantragen.<\/p>\n\n\n<figure class=\"wp-block-image size-large\"><a href=\"https:\/\/www.trennungundscheidung.at\/kinderbeistand\/an-independent-person-of-trust-to-support-children-in-court-proceedings-en\/\"><img loading=\"lazy\" decoding=\"async\" width=\"50\" height=\"32\" src=\"https:\/\/www.trennungundscheidung.at\/kinderbeistand\/wp-content\/uploads\/sites\/7\/2020\/11\/englisch_english.jpg\" alt=\"\" class=\"wp-image-61\"\/><\/a><\/figure>\n","protected":false},"excerpt":{"rendered":"<p>Wenn sich Eltern trennen, kann es zu heftigen Auseinandersetzungen rund um Obsorge oder Kontaktrecht kommen, unter denen Kinder massiv leiden. K\u00f6nnen sich Eltern absolut nicht einigen, entscheidet der\/die Familienrichter\/in, wer die Obsorge aus\u00fcben soll und wie das Kontaktrecht zu regeln ist. Dabei kann der\/die Richter\/in im Obsorge \u2013 und Kontaktrechtsverfahren einen Kinderbeistand einsetzen, wenn er\/sie [&hellip;]<\/p>\n","protected":false},"author":1,"featured_media":0,"parent":0,"menu_order":0,"comment_status":"closed","ping_status":"closed","template":"","meta":{"_acf_changed":false,"footnotes":""},"class_list":["post-10","page","type-page","status-publish","hentry"],"acf":[],"yoast_head":"<!-- This site is optimized with the Yoast SEO plugin v27.3 - https:\/\/yoast.com\/product\/yoast-seo-wordpress\/ -->\n<title>Kinderbeistand - Trennung &amp; Scheidung<\/title>\n<meta name=\"description\" content=\"Der Kinderbeistand ist eine unabh\u00e4ngige Vertrauensperson f\u00fcr das Kind zu seiner Unterst\u00fctzung in einem Gerichtsverfahren.\" \/>\n<meta name=\"robots\" content=\"index, follow, max-snippet:-1, max-image-preview:large, max-video-preview:-1\" \/>\n<link rel=\"canonical\" href=\"https:\/\/www.trennungundscheidung.at\/kinderbeistand\/\" \/>\n<meta property=\"og:locale\" content=\"de_DE\" \/>\n<meta property=\"og:type\" content=\"article\" \/>\n<meta property=\"og:title\" content=\"Kinderbeistand - Trennung &amp; Scheidung\" \/>\n<meta property=\"og:description\" content=\"Der Kinderbeistand ist eine unabh\u00e4ngige Vertrauensperson f\u00fcr das Kind zu seiner Unterst\u00fctzung in einem Gerichtsverfahren.\" \/>\n<meta property=\"og:url\" content=\"https:\/\/www.trennungundscheidung.at\/kinderbeistand\/\" \/>\n<meta property=\"og:site_name\" content=\"Kinderbeistand\" \/>\n<meta property=\"article:modified_time\" content=\"2020-11-13T10:28:27+00:00\" \/>\n<meta property=\"og:image\" content=\"https:\/\/www.trennungundscheidung.at\/kinderbeistand\/wp-content\/uploads\/sites\/7\/2020\/11\/englisch_english.jpg\" \/>\n<meta name=\"twitter:card\" content=\"summary_large_image\" \/>\n<meta name=\"twitter:label1\" content=\"Gesch\u00e4tzte Lesezeit\" \/>\n\t<meta name=\"twitter:data1\" content=\"1\u00a0Minute\" \/>\n<script type=\"application\/ld+json\" class=\"yoast-schema-graph\">{\"@context\":\"https:\\\/\\\/schema.org\",\"@graph\":[{\"@type\":\"WebPage\",\"@id\":\"https:\\\/\\\/www.trennungundscheidung.at\\\/kinderbeistand\\\/\",\"url\":\"https:\\\/\\\/www.trennungundscheidung.at\\\/kinderbeistand\\\/\",\"name\":\"Kinderbeistand - Trennung & Scheidung\",\"isPartOf\":{\"@id\":\"https:\\\/\\\/www.trennungundscheidung.at\\\/kinderbeistand\\\/#website\"},\"primaryImageOfPage\":{\"@id\":\"https:\\\/\\\/www.trennungundscheidung.at\\\/kinderbeistand\\\/#primaryimage\"},\"image\":{\"@id\":\"https:\\\/\\\/www.trennungundscheidung.at\\\/kinderbeistand\\\/#primaryimage\"},\"thumbnailUrl\":\"https:\\\/\\\/www.trennungundscheidung.at\\\/kinderbeistand\\\/wp-content\\\/uploads\\\/sites\\\/7\\\/2020\\\/11\\\/englisch_english.jpg\",\"datePublished\":\"2017-02-24T07:19:08+00:00\",\"dateModified\":\"2020-11-13T10:28:27+00:00\",\"description\":\"Der Kinderbeistand ist eine unabh\u00e4ngige Vertrauensperson f\u00fcr das Kind zu seiner Unterst\u00fctzung in einem Gerichtsverfahren.\",\"breadcrumb\":{\"@id\":\"https:\\\/\\\/www.trennungundscheidung.at\\\/kinderbeistand\\\/#breadcrumb\"},\"inLanguage\":\"de\",\"potentialAction\":[{\"@type\":\"ReadAction\",\"target\":[\"https:\\\/\\\/www.trennungundscheidung.at\\\/kinderbeistand\\\/\"]}]},{\"@type\":\"ImageObject\",\"inLanguage\":\"de\",\"@id\":\"https:\\\/\\\/www.trennungundscheidung.at\\\/kinderbeistand\\\/#primaryimage\",\"url\":\"https:\\\/\\\/www.trennungundscheidung.at\\\/kinderbeistand\\\/wp-content\\\/uploads\\\/sites\\\/7\\\/2020\\\/11\\\/englisch_english.jpg\",\"contentUrl\":\"https:\\\/\\\/www.trennungundscheidung.at\\\/kinderbeistand\\\/wp-content\\\/uploads\\\/sites\\\/7\\\/2020\\\/11\\\/englisch_english.jpg\",\"width\":50,\"height\":32},{\"@type\":\"BreadcrumbList\",\"@id\":\"https:\\\/\\\/www.trennungundscheidung.at\\\/kinderbeistand\\\/#breadcrumb\",\"itemListElement\":[{\"@type\":\"ListItem\",\"position\":1,\"name\":\"Home\",\"item\":\"https:\\\/\\\/www.trennungundscheidung.at\\\/kinderbeistand\\\/\"},{\"@type\":\"ListItem\",\"position\":2,\"name\":\"Eine unabh\u00e4ngige Vertrauensperson f\u00fcr das Kind zu seiner Unterst\u00fctzung in einem Gerichtsverfahren!\"}]},{\"@type\":\"WebSite\",\"@id\":\"https:\\\/\\\/www.trennungundscheidung.at\\\/kinderbeistand\\\/#website\",\"url\":\"https:\\\/\\\/www.trennungundscheidung.at\\\/kinderbeistand\\\/\",\"name\":\"Kinderbeistand\",\"description\":\"\",\"potentialAction\":[{\"@type\":\"SearchAction\",\"target\":{\"@type\":\"EntryPoint\",\"urlTemplate\":\"https:\\\/\\\/www.trennungundscheidung.at\\\/kinderbeistand\\\/?s={search_term_string}\"},\"query-input\":{\"@type\":\"PropertyValueSpecification\",\"valueRequired\":true,\"valueName\":\"search_term_string\"}}],\"inLanguage\":\"de\"}]}<\/script>\n<!-- \/ Yoast SEO plugin. -->","yoast_head_json":{"title":"Kinderbeistand - Trennung & Scheidung","description":"Der Kinderbeistand ist eine unabh\u00e4ngige Vertrauensperson f\u00fcr das Kind zu seiner Unterst\u00fctzung in einem Gerichtsverfahren.","robots":{"index":"index","follow":"follow","max-snippet":"max-snippet:-1","max-image-preview":"max-image-preview:large","max-video-preview":"max-video-preview:-1"},"canonical":"https:\/\/www.trennungundscheidung.at\/kinderbeistand\/","og_locale":"de_DE","og_type":"article","og_title":"Kinderbeistand - Trennung & Scheidung","og_description":"Der Kinderbeistand ist eine unabh\u00e4ngige Vertrauensperson f\u00fcr das Kind zu seiner Unterst\u00fctzung in einem Gerichtsverfahren.","og_url":"https:\/\/www.trennungundscheidung.at\/kinderbeistand\/","og_site_name":"Kinderbeistand","article_modified_time":"2020-11-13T10:28:27+00:00","og_image":[{"url":"https:\/\/www.trennungundscheidung.at\/kinderbeistand\/wp-content\/uploads\/sites\/7\/2020\/11\/englisch_english.jpg","type":"","width":"","height":""}],"twitter_card":"summary_large_image","twitter_misc":{"Gesch\u00e4tzte Lesezeit":"1\u00a0Minute"},"schema":{"@context":"https:\/\/schema.org","@graph":[{"@type":"WebPage","@id":"https:\/\/www.trennungundscheidung.at\/kinderbeistand\/","url":"https:\/\/www.trennungundscheidung.at\/kinderbeistand\/","name":"Kinderbeistand - Trennung & Scheidung","isPartOf":{"@id":"https:\/\/www.trennungundscheidung.at\/kinderbeistand\/#website"},"primaryImageOfPage":{"@id":"https:\/\/www.trennungundscheidung.at\/kinderbeistand\/#primaryimage"},"image":{"@id":"https:\/\/www.trennungundscheidung.at\/kinderbeistand\/#primaryimage"},"thumbnailUrl":"https:\/\/www.trennungundscheidung.at\/kinderbeistand\/wp-content\/uploads\/sites\/7\/2020\/11\/englisch_english.jpg","datePublished":"2017-02-24T07:19:08+00:00","dateModified":"2020-11-13T10:28:27+00:00","description":"Der Kinderbeistand ist eine unabh\u00e4ngige Vertrauensperson f\u00fcr das Kind zu seiner Unterst\u00fctzung in einem Gerichtsverfahren.","breadcrumb":{"@id":"https:\/\/www.trennungundscheidung.at\/kinderbeistand\/#breadcrumb"},"inLanguage":"de","potentialAction":[{"@type":"ReadAction","target":["https:\/\/www.trennungundscheidung.at\/kinderbeistand\/"]}]},{"@type":"ImageObject","inLanguage":"de","@id":"https:\/\/www.trennungundscheidung.at\/kinderbeistand\/#primaryimage","url":"https:\/\/www.trennungundscheidung.at\/kinderbeistand\/wp-content\/uploads\/sites\/7\/2020\/11\/englisch_english.jpg","contentUrl":"https:\/\/www.trennungundscheidung.at\/kinderbeistand\/wp-content\/uploads\/sites\/7\/2020\/11\/englisch_english.jpg","width":50,"height":32},{"@type":"BreadcrumbList","@id":"https:\/\/www.trennungundscheidung.at\/kinderbeistand\/#breadcrumb","itemListElement":[{"@type":"ListItem","position":1,"name":"Home","item":"https:\/\/www.trennungundscheidung.at\/kinderbeistand\/"},{"@type":"ListItem","position":2,"name":"Eine unabh\u00e4ngige Vertrauensperson f\u00fcr das Kind zu seiner Unterst\u00fctzung in einem Gerichtsverfahren!"}]},{"@type":"WebSite","@id":"https:\/\/www.trennungundscheidung.at\/kinderbeistand\/#website","url":"https:\/\/www.trennungundscheidung.at\/kinderbeistand\/","name":"Kinderbeistand","description":"","potentialAction":[{"@type":"SearchAction","target":{"@type":"EntryPoint","urlTemplate":"https:\/\/www.trennungundscheidung.at\/kinderbeistand\/?s={search_term_string}"},"query-input":{"@type":"PropertyValueSpecification","valueRequired":true,"valueName":"search_term_string"}}],"inLanguage":"de"}]}},"_links":{"self":[{"href":"https:\/\/www.trennungundscheidung.at\/kinderbeistand\/wp-json\/wp\/v2\/pages\/10","targetHints":{"allow":["GET"]}}],"collection":[{"href":"https:\/\/www.trennungundscheidung.at\/kinderbeistand\/wp-json\/wp\/v2\/pages"}],"about":[{"href":"https:\/\/www.trennungundscheidung.at\/kinderbeistand\/wp-json\/wp\/v2\/types\/page"}],"author":[{"embeddable":true,"href":"https:\/\/www.trennungundscheidung.at\/kinderbeistand\/wp-json\/wp\/v2\/users\/1"}],"replies":[{"embeddable":true,"href":"https:\/\/www.trennungundscheidung.at\/kinderbeistand\/wp-json\/wp\/v2\/comments?post=10"}],"version-history":[{"count":3,"href":"https:\/\/www.trennungundscheidung.at\/kinderbeistand\/wp-json\/wp\/v2\/pages\/10\/revisions"}],"predecessor-version":[{"id":64,"href":"https:\/\/www.trennungundscheidung.at\/kinderbeistand\/wp-json\/wp\/v2\/pages\/10\/revisions\/64"}],"wp:attachment":[{"href":"https:\/\/www.trennungundscheidung.at\/kinderbeistand\/wp-json\/wp\/v2\/media?parent=10"}],"curies":[{"name":"wp","href":"https:\/\/api.w.org\/{rel}","templated":true}]}}